{"id":3574,"date":"2023-11-27T02:32:20","date_gmt":"2023-11-26T23:32:20","guid":{"rendered":"https:\/\/galatarassohotel.com\/sustainability\/"},"modified":"2026-01-12T16:51:51","modified_gmt":"2026-01-12T13:51:51","slug":"sustainability","status":"publish","type":"page","link":"https:\/\/galatarassohotel.com\/en\/sustainability\/","title":{"rendered":"Sustainability"},"content":{"rendered":"<p>[vc_row wrap_container=&#8221;yes&#8221; el_class=&#8221;pb-5 overflow-hidden&#8221;][vc_column width=&#8221;3\/4&#8243; el_class=&#8221;mx-md-auto&#8221; animation_type=&#8221;maskUp&#8221;]<h2 class=\"word-rotator slide short m-t-xxl\" style=\"font-size:32px;line-height:46px;text-align:left;\" data-plugin-options=\"{'waittime': 2500, 'pauseOnHover': false}\"><span class=\"word-rotate-prefix\" style=\"font-weight:700;font-size:32px !important;\">S\u00fcrd\u00fcr\u00fclebilirlik<\/span> <span class=\"word-rotator-items has-bg\" style=\"font-family:&#039;Open Sans&#039;;color:#ffffff;background:#c39124;\"><b class=\"active\"><\/b><\/span><\/h2>[vc_column_text css_animation=&#8221;none&#8221; el_class=&#8221;text-center&#8221;]<\/p>\n<p class=\"lead\" style=\"text-align: justify;\">Our hotel commits to fulfilling the requirements of the Turkey Sustainable Tourism Program to meet its sustainability commitments. It pledges to continuously improve its management system to enhance sustainability performance. Our management system is regularly reviewed to adapt to changes in the industry, as well as environmental, social, technological, economic, and cultural risks, in addition to updates stemming from regulatory changes. The system is adjusted as needed to comply with updated policies.<\/p>\n<p class=\"lead\" style=\"text-align: justify;\">We appreciate your support for the sustainability activities conducted at our facility. Thank you.<\/p>\n<p>[\/vc_column_text][\/vc_column][vc_column width=&#8221;1\/4&#8243; css=&#8221;.vc_custom_1700814007030{padding-top: 160px !important;padding-bottom: 60px !important;}&#8221;][vc_btn title=&#8221;Sustainability Management System&#8221; shape=&#8221;rounded&#8221; color=&#8221;success&#8221; align=&#8221;center&#8221; button_block=&#8221;true&#8221; link=&#8221;url:https%3A%2F%2Fgalatarassohotel.com%2Fwp-content%2Fuploads%2F2023%2F11%2FSURDURULEBILIR-YONETIM-SISTEMI.pdf|title:Sustainability%20Management%20System|target:_blank|&#8221;][vc_btn title=&#8221;Cultural Heritage List&#8221; shape=&#8221;rounded&#8221; color=&#8221;success&#8221; align=&#8221;center&#8221; button_block=&#8221;true&#8221; link=&#8221;url:https%3A%2F%2Fgalatarassohotel.com%2Fwp-content%2Fuploads%2F2023%2F11%2Fkulturel-miras-listesi.pdf|title:Cultural%20Heritage%20List|target:_blank|&#8221;][vc_btn title=&#8221;Istanbul City Guide&#8221; shape=&#8221;rounded&#8221; color=&#8221;success&#8221; align=&#8221;center&#8221; button_block=&#8221;true&#8221; link=&#8221;url:https%3A%2F%2Fgalatarassohotel.com%2Fwp-content%2Fuploads%2F2023%2F11%2FISTANBUL-SEHIR-REHBERI.pdf|title:Istanbul%20City%20Guide|target:_blank|&#8221;][\/vc_column][\/vc_row][vc_row wrap_container=&#8221;yes&#8221;][vc_column width=&#8221;1\/2&#8243;][vc_column_text]<\/p>\n<h2>Sustainability Management System Report<\/h2>\n<p>[\/vc_column_text][vc_zigzag][vc_column_text]<a href=\"https:\/\/galatarassohotel.com\/wp-content\/uploads\/2026\/01\/GALATA-RASSO-HOTEL-2024-SUSTAINABILITY-REPORT.pdf\" target=\"_blank\" rel=\"noopener\">2024 Sustainability Report<\/a><br \/>\n<a href=\"https:\/\/galatarassohotel.com\/wp-content\/uploads\/2026\/01\/GALATA-RASSO-HOTEL-2024-CARBON-EMISSION-REPORT.pdf\" target=\"_blank\" rel=\"noopener\">2024 Carbon Emissions Report<\/a><br \/>\n<a href=\"https:\/\/galatarassohotel.com\/wp-content\/uploads\/2023\/11\/Surdurulebilirlik-Raporu-PERA-RASSO-HOTEL.pdf\" target=\"_blank\" rel=\"noopener\">Sustainability Report for the Year 2023<\/a>[\/vc_column_text][\/vc_column][vc_column width=&#8221;1\/2&#8243;][vc_column_text]<\/p>\n<h2>Istanbul Transportation Maps<\/h2>\n<p>[\/vc_column_text][vc_zigzag][vc_column_text]<a href=\"https:\/\/galatarassohotel.com\/wp-content\/uploads\/2023\/11\/Istanbul-Metro-Hatlari-Haritasi.pdf\" target=\"_blank\" rel=\"noopener\">Istanbul Metro Lines Map<\/a><br \/>\n<a href=\"https:\/\/galatarassohotel.com\/wp-content\/uploads\/2023\/11\/Istanbul-Rayli-Sistemler-Haritasi.pdf\" target=\"_blank\" rel=\"noopener\">Istanbul Rail Systems Map<\/a><br \/>\n<a href=\"#\" target=\"_blank\" rel=\"noopener\">Istanbul Rail Systems High-Contrast Map<\/a><br \/>\n<a href=\"https:\/\/galatarassohotel.com\/wp-content\/uploads\/2023\/11\/Istanbul-Tramvay-Hatlari-Haritasi.pdf\" target=\"_blank\" rel=\"noopener\">Istanbul Tram Lines Map<\/a>[\/vc_column_text][\/vc_column][\/vc_row][vc_row wrap_container=&#8221;yes&#8221;][vc_column width=&#8221;1\/2&#8243;][vc_column_text]<\/p>\n<h2>Code of Conduct at Cultural Heritage Sites in Turkey<\/h2>\n<p>[\/vc_column_text][vc_zigzag][vc_column_text]<a href=\"https:\/\/galatarassohotel.com\/wp-content\/uploads\/2023\/11\/KULTUREL-MIRASA-KONU-YERLERDE-DAVRANIS-KURALLARI-TURKCE.pdf\" target=\"_blank\" rel=\"noopener\">Rules of Conduct at Cultural Heritage Sites<\/a><\/p>\n<p><a href=\"https:\/\/galatarassohotel.com\/wp-content\/uploads\/2023\/11\/RULES-OF-CONDUCT-AT-CULTURAL-HERITAGE-PLACES-ENGLISH.pdf\" target=\"_blank\" rel=\"noopener\">K\u00fclt\u00fcrel Mirasa Konu Yerlerde Davran\u0131\u015f Kurallar\u0131<\/a>[\/vc_column_text][\/vc_column][vc_column width=&#8221;1\/2&#8243;][vc_column_text]<\/p>\n<h3>Ministry of Agriculture and Forestry Hunting Tourism Natural Conservation and National Parks Hunting Tourism Information System<\/h3>\n<p>[\/vc_column_text][vc_zigzag][vc_column_text]<a href=\"https:\/\/avtur.tarimorman.gov.tr\/\" target=\"_blank\" rel=\"noopener nofollow\">Hunting Tourism Information System<\/a><\/p>\n<p><a href=\"https:\/\/avbis.tarimorman.gov.tr\/AvlakHaritalari.aspx\" target=\"_blank\" rel=\"noopener nofollow\">Hunting Area Map<\/a>[\/vc_column_text][\/vc_column][\/vc_row][vc_row wrap_container=&#8221;yes&#8221; css=&#8221;.vc_custom_1555717176276{padding-top: 110px !important;padding-bottom: 93px !important;background-color: #f7f7f7 !important;}&#8221;][vc_column width=&#8221;1\/3&#8243;]<div class=\"porto-sicon-box  wpb_custom_1efe903570d178ff0a9b7bfa5febd3a4 style_1 default-icon flex-wrap\"><div class=\"porto-sicon-default\"><div class=\"porto-just-icon-wrapper porto-icon none\" style=\"font-size:32px;\"><i class=\"porto-icon-location\"><\/i><\/div><\/div><div class=\"porto-sicon-header\"><h3 class=\"porto-sicon-title\" style=\"\">Location<\/h3><\/div> <!-- header --><div class=\"porto-sicon-description\" style=\"\">\n<p style=\"text-align: justify;\">Located just 3 minutes away from the metro and other public transportation, you will enjoy accommodation in the most beautiful streets of Galata. Our hotel is located right below the Galata Tower, and it is just a 1-minute walk away from the Galata Tower.<\/p>\n<p><\/div> <!-- description --><\/div><!-- porto-sicon-box -->[\/vc_column][vc_column width=&#8221;1\/3&#8243;]<div class=\"porto-sicon-box  wpb_custom_1efe903570d178ff0a9b7bfa5febd3a4 style_1 default-icon flex-wrap\"><div class=\"porto-sicon-default\"><div class=\"porto-just-icon-wrapper porto-icon none\" style=\"font-size:32px;\"><i class=\"porto-icon-star\"><\/i><\/div><\/div><div class=\"porto-sicon-header\"><h3 class=\"porto-sicon-title\" style=\"\">Galata Hotel Comfort<\/h3><\/div> <!-- header --><div class=\"porto-sicon-description\" style=\"\">\n<p style=\"text-align: justify;\">We offer a comfortable hotel experience that you cannot overlook at Galata Hotel. We provide a home service where you can enjoy the pleasure of comfort. Happiness will be with you during morning breakfasts. Our reception department is open 24 hours, ready to serve you.<\/p>\n<p><\/div> <!-- description --><\/div><!-- porto-sicon-box -->[\/vc_column][vc_column width=&#8221;1\/3&#8243;]<div class=\"porto-sicon-box  wpb_custom_1efe903570d178ff0a9b7bfa5febd3a4 style_1 default-icon flex-wrap\"><div class=\"porto-sicon-default\"><div class=\"porto-just-icon-wrapper porto-icon none\" style=\"font-size:32px;\"><i class=\"porto-icon-wishlist\"><\/i><\/div><\/div><div class=\"porto-sicon-header\"><h3 class=\"porto-sicon-title\" style=\"\">Galata<\/h3><\/div> <!-- header --><div class=\"porto-sicon-description\" style=\"\">\n<p style=\"text-align: justify;\">We are situated in a location where you can easily observe the sea view from each of our rooms. Experience the Galata culture within the walls of our hotel and wake up to every morning with joy.<\/p>\n<p><\/div> <!-- description --><\/div><!-- porto-sicon-box -->[\/vc_column][\/vc_row][vc_row full_width=&#8221;stretch_row&#8221; wrap_container=&#8221;yes&#8221; is_section=&#8221;yes&#8221; section_skin=&#8221;primary&#8221; remove_margin_top=&#8221;yes&#8221; remove_margin_bottom=&#8221;yes&#8221; remove_border=&#8221;yes&#8221; animation_delay=&#8221;100&#8243; el_class=&#8221;pb-5&#8243; animation_type=&#8221;fadeIn&#8221;][vc_column width=&#8221;1\/3&#8243;]<div class=\"stats-block stats-top  m-b  wpb_custom_a517333ace5b1666c6af8bd4684f1de9 \"><div class=\"porto-sicon-top\"><div class=\"porto-just-icon-wrapper porto-icon none\" style=\"color:#ffffff;font-size:25px;\"><i class=\"Simple-Line-Icons-user\"><\/i><\/div><\/div><div class=\"stats-desc\"><div id=\"counter_166976779469e4d3fd1ff96\" data-id=\"counter_166976779469e4d3fd1ff96\" class=\"stats-number\" style=\" font-size:35px;line-height:35px;color:#ffffff;\" data-speed=\"3\" data-counter-value=\"0\" data-separator=\"none\" data-decimal=\".\">0<\/div><div class=\"counter_suffix mycust\" style=\" font-size:35px;line-height:35px;color:#ffffff\">+<\/div><div class=\"stats-text\" style=\"font-size:16.8px;color:#ffffff;\">Mutlu M\u00fc\u015fteri<\/div><\/div><\/div>[\/vc_column][vc_column width=&#8221;1\/3&#8243;]<div class=\"stats-block stats-top  m-b  wpb_custom_a517333ace5b1666c6af8bd4684f1de9 \"><div class=\"porto-sicon-top\"><div class=\"porto-just-icon-wrapper porto-icon none\" style=\"color:#ffffff;font-size:25px;\"><i class=\"Simple-Line-Icons-badge\"><\/i><\/div><\/div><div class=\"stats-desc\"><div id=\"counter_3083431869e4d3fd210e8\" data-id=\"counter_3083431869e4d3fd210e8\" class=\"stats-number\" style=\" font-size:35px;line-height:35px;color:#ffffff;\" data-speed=\"3\" data-counter-value=\"0\" data-separator=\"none\" data-decimal=\".\">0<\/div><div class=\"stats-text\" style=\"font-size:16.8px;color:#ffffff;\">\u0130\u015f Deneyimi<\/div><\/div><\/div>[\/vc_column][vc_column width=&#8221;1\/3&#8243;]<div class=\"stats-block stats-top  m-b  wpb_custom_a517333ace5b1666c6af8bd4684f1de9 \"><div class=\"porto-sicon-top\"><div class=\"porto-just-icon-wrapper porto-icon none\" style=\"color:#ffffff;font-size:25px;\"><i class=\"Simple-Line-Icons-cup\"><\/i><\/div><\/div><div class=\"stats-desc\"><div id=\"counter_211914883569e4d3fd223bb\" data-id=\"counter_211914883569e4d3fd223bb\" class=\"stats-number\" style=\" font-size:35px;line-height:35px;color:#ffffff;\" data-speed=\"3\" data-counter-value=\"0\" data-separator=\"none\" data-decimal=\".\">0<\/div><div class=\"stats-text\" style=\"font-size:16.8px;color:#ffffff;\">\u0130\u00e7ilen Kahve<\/div><\/div><\/div>[\/vc_column][\/vc_row][vc_row wrap_container=&#8221;yes&#8221; is_section=&#8221;yes&#8221; section_skin=&#8221;parallax&#8221; remove_margin_top=&#8221;yes&#8221; remove_margin_bottom=&#8221;yes&#8221; remove_border=&#8221;yes&#8221;][vc_column][vc_masonry_media_grid gap=&#8221;15&#8243; grid_id=&#8221;vc_gid:1768225791734-2e90b663-64b8-0&#8243; include=&#8221;3486,3506,3498,3488,3478,3482,3474,3512,3518,3514,3494,3480&#8243;][\/vc_column][\/vc_row]<\/p>\n","protected":false},"excerpt":{"rendered":"<p>[vc_row wrap_container=&#8221;yes&#8221; el_class=&#8221;pb-5 overflow-hidden&#8221;][vc_column width=&#8221;3\/4&#8243; el_class=&#8221;mx-md-auto&#8221; animation_type=&#8221;maskUp&#8221;][vc_column_text css_animation=&#8221;none&#8221; el_class=&#8221;text-center&#8221;] Our hotel commits to fulfilling the requirements of the Turkey Sustainable Tourism Program to meet its sustainability commitments. It pledges to continuously improve its management system to enhance sustainability performance. Our management system is regularly reviewed to adapt to changes in the industry, as well as [&hellip;]<\/p>\n","protected":false},"author":1,"featured_media":0,"parent":0,"menu_order":0,"comment_status":"closed","ping_status":"closed","template":"","meta":{"footnotes":""},"class_list":["post-3574","page","type-page","status-publish","hentry"],"_links":{"self":[{"href":"https:\/\/galatarassohotel.com\/en\/wp-json\/wp\/v2\/pages\/3574","targetHints":{"allow":["GET"]}}],"collection":[{"href":"https:\/\/galatarassohotel.com\/en\/wp-json\/wp\/v2\/pages"}],"about":[{"href":"https:\/\/galatarassohotel.com\/en\/wp-json\/wp\/v2\/types\/page"}],"author":[{"embeddable":true,"href":"https:\/\/galatarassohotel.com\/en\/wp-json\/wp\/v2\/users\/1"}],"replies":[{"embeddable":true,"href":"https:\/\/galatarassohotel.com\/en\/wp-json\/wp\/v2\/comments?post=3574"}],"version-history":[{"count":8,"href":"https:\/\/galatarassohotel.com\/en\/wp-json\/wp\/v2\/pages\/3574\/revisions"}],"predecessor-version":[{"id":3606,"href":"https:\/\/galatarassohotel.com\/en\/wp-json\/wp\/v2\/pages\/3574\/revisions\/3606"}],"wp:attachment":[{"href":"https:\/\/galatarassohotel.com\/en\/wp-json\/wp\/v2\/media?parent=3574"}],"curies":[{"name":"wp","href":"https:\/\/api.w.org\/{rel}","templated":true}]}}